{"id":94,"date":"2018-08-06T13:56:17","date_gmt":"2018-08-06T11:56:17","guid":{"rendered":"https:\/\/ajc-info.com\/?page_id=94"},"modified":"2018-08-06T14:37:57","modified_gmt":"2018-08-06T12:37:57","slug":"politique-de-confidentialite","status":"publish","type":"page","link":"https:\/\/ajc-info.com\/index.php\/politique-de-confidentialite\/","title":{"rendered":"Politique de confidentialit\u00e9"},"content":{"rendered":"<h2>Mentions l\u00e9gales et Politique de confidentialit\u00e9<\/h2>\n<p>Site officiel des boutiques AJC informatique situ\u00e9e \u00e0 Tain l&rsquo;Hermitage et Bourg les Valence.<\/p>\n<p>En acc\u00e9dant \u00e0 notre site, vous \u00eates inform\u00e9 que l&rsquo;utilisation du r\u00e9seau Internet n\u00e9cessite le respect d&rsquo;un ensemble de l\u00e9gislations que vous vous engagez \u00e0 ne pas enfreindre, et relatives notamment aux droits d&rsquo;auteur, \u00e0 la fraude et au piratage informatique, \u00e0 la loi Informatique et libert\u00e9s, \u00e0 la protection de la personne humaine, ainsi qu&rsquo;\u00e0 l&rsquo;intimit\u00e9 et au respect de la vie priv\u00e9e.<br \/>\nAJC Informatique et la soci\u00e9t\u00e9 KCendra sarl ne peuvent encourir de responsabilit\u00e9 du fait d&rsquo;erreurs, d&rsquo;omissions, ou pour les r\u00e9sultats qui pourraient \u00eatre obtenus par l&rsquo;usage de ces informations. Notamment, l&rsquo;usage de liens hypertextes peut conduire votre consultation du site www.ajc-info.com vers d&rsquo;autres serveurs sur lesquels La Soci\u00e9t\u00e9\u00a0MONSIEUR CHRISTOPHE AUBERT et la soci\u00e9t\u00e9 KCendra s.a.r.l n&rsquo;a aucun contr\u00f4le.<br \/>\nLe site www.ajc-info.com ne comporte que des informations g\u00e9n\u00e9rales et g\u00e9n\u00e9riques, relative \u00e0 l&rsquo;entreprise. En aucun cas ces informations ne portent sur les personnes ou entit\u00e9s priv\u00e9es. Les informations publi\u00e9es le sont \u00e0 titre indicatif. Elles n&rsquo;ont pas de valeur professionnelle ou juridique.<\/p>\n<p align=\"left\">Droits d&rsquo;auteurs.<br \/>\nEn application du Code Fran\u00e7ais de la Propri\u00e9t\u00e9 Intellectuelle (copyright) et plus g\u00e9n\u00e9ralement, des trait\u00e9s et accords internationaux comportant des dispositions relatives \u00e0 la protection des droits d&rsquo;auteurs, la reproduction pour un usage autre que priv\u00e9, la vente, la distribution, la diffusion, l&rsquo;\u00e9mission, la publication, l&rsquo;adaptation et la modification, de m\u00eame que la communication qu&rsquo;elle soit partielle ou int\u00e9grale, sous quelque forme et support que ce soit, des donn\u00e9es (la pr\u00e9sentation, l&rsquo;agencement du site, photos, dessins et textes prot\u00e9g\u00e9es par le droit d&rsquo;auteur pr\u00e9sents dans le site www.ajc-info.com) sont strictement soumis \u00e0 l&rsquo;autorisation \u00e9crite pr\u00e9alable des d\u00e9tenteurs des droits, en l&rsquo;esp\u00e8ce La soci\u00e9t\u00e9 MONSIEUR CHRISTOPHE AUBERT et la soci\u00e9t\u00e9 KCendra sarl.<\/p>\n<p align=\"left\"><em>L\u00e9gislation fran\u00e7aise relative au droit d&rsquo;acc\u00e8s aux fichiers informatis\u00e9s<br \/>\nTout utilisateur ayant d\u00e9pos\u00e9 dans ce service des informations directement ou indirectement nominatives peut demander la communication des informations nominatives le concernant aux administrateurs du service (<a href=\"http:\/\/www.sgpi-isere.com\/index.php\/contact\/\" target=\"_blank\" rel=\"noopener\">page contact<\/a>) et les faire rectifier le cas \u00e9ch\u00e9ant~ conform\u00e9ment \u00e0 la loi fran\u00e7aise N\u00b0 78-17 du 6 janvier 1978 relative \u00e0 l&rsquo;informatique, aux fichiers et aux libert\u00e9s (CNIL). <\/em><\/p>\n<table align=\"center\">\n<tbody>\n<tr>\n<td align=\"left\">webmaster<\/p>\n<p>K\/Cendra sarl.<br \/>\n&#8211; 19 av Felix Faure 26000 Valence<br \/>\n&#8211; 0475428864<br \/>\n&#8211; RCS Romans 419 691720<br \/>\n&#8211; capital social 7622,45 \u20ac<\/td>\n<td align=\"left\">h\u00e9bergeur du site<\/p>\n<div>1&amp;1 Internet SARL<\/div>\n<div>7, place de la Gare<\/div>\n<div>BP 70109<\/div>\n<div>57201 Sarreguemines Cedex<\/div>\n<div><\/div>\n<\/td>\n<\/tr>\n<\/tbody>\n<\/table>\n<p>Soci\u00e9t\u00e9:<br \/>\nMONSIEUR CHRISTOPHE AUBERT<br \/>\nZA LES LOTS 26600 TAIN L&rsquo;HERMITAGE<br \/>\nSiret: 43502602600011<br \/>\nTelephone: 04.75.08.89.97.<\/p>\n<h6>Utilisation des donn\u00e9es personnelles collect\u00e9es<\/h6>\n<h6>Formulaires de contact<\/h6>\n<p>Les donn\u00e9es collect\u00e9es par les formulaires de contact sont transmises par mails \u00e0 des logiciels de messagerie.<br \/>\nLes mails sont stoqu\u00e9s le temps n\u00e9cessaire \u00e0 la correspondances.\u00a0 Les correspondants sont:<\/p>\n<p>Pour la boutique de Tain l&rsquo;Hermitage: Monsieur Christophe Aubert. 04.75.08.89.97<br \/>\nPour la boutique de Bourg les Valence: Monsieur Pierrick Sandon 04.75.25.81.47<\/p>\n<p>&nbsp;<\/p>\n<h6>Cookies<\/h6>\n<p>Si vous d\u00e9posez un commentaire sur notre site, il vous sera propos\u00e9 d\u2019enregistrer votre nom, adresse de messagerie et site web dans des cookies. C\u2019est uniquement pour votre confort afin de ne pas avoir \u00e0 saisir ces informations si vous d\u00e9posez un autre commentaire plus tard. Ces cookies expirent au bout d\u2019un an.<\/p>\n<p>Si vous avez un compte et que vous vous connectez sur ce site, un cookie temporaire sera cr\u00e9\u00e9 afin de d\u00e9terminer si votre navigateur accepte les cookies. Il ne contient pas de donn\u00e9es personnelles et sera supprim\u00e9 automatiquement \u00e0 la fermeture de votre navigateur.<\/p>\n<p>Lorsque vous vous connecterez, nous mettrons en place un certain nombre de cookies pour enregistrer vos informations de connexion et vos pr\u00e9f\u00e9rences d\u2019\u00e9cran. La dur\u00e9e de vie d\u2019un cookie de connexion est de deux jours, celle d\u2019un cookie d\u2019option d\u2019\u00e9cran est d\u2019un an. Si vous cochez \u00ab\u00a0Se souvenir de moi\u00a0\u00bb, votre cookie de connexion sera conserv\u00e9 pendant deux semaines. Si vous vous d\u00e9connectez de votre compte, le cookie de connexion sera effac\u00e9.<\/p>\n<h3><\/h3>\n","protected":false},"excerpt":{"rendered":"<p>Mentions l\u00e9gales et Politique de confidentialit\u00e9 Site officiel des boutiques AJC informatique situ\u00e9e \u00e0 Tain l&rsquo;Hermitage et Bourg les Valence. En acc\u00e9dant \u00e0 notre site, vous \u00eates inform\u00e9 que l&rsquo;utilisation du r\u00e9seau Internet n\u00e9cessite le respect d&rsquo;un ensemble de l\u00e9gislations que vous vous engagez \u00e0 ne pas enfreindre, et relatives notamment aux droits d&rsquo;auteur, \u00e0 la fraude et au piratage informatique, \u00e0 la loi Informatique et libert\u00e9s, \u00e0 la protection de la personne humaine, ainsi qu&rsquo;\u00e0 l&rsquo;intimit\u00e9 et au respect&hellip;<\/p>\n","protected":false},"author":1,"featured_media":0,"parent":0,"menu_order":0,"comment_status":"closed","ping_status":"closed","template":"","meta":{"footnotes":""},"class_list":["post-94","page","type-page","status-publish","hentry"],"_links":{"self":[{"href":"https:\/\/ajc-info.com\/index.php\/wp-json\/wp\/v2\/pages\/94","targetHints":{"allow":["GET"]}}],"collection":[{"href":"https:\/\/ajc-info.com\/index.php\/wp-json\/wp\/v2\/pages"}],"about":[{"href":"https:\/\/ajc-info.com\/index.php\/wp-json\/wp\/v2\/types\/page"}],"author":[{"embeddable":true,"href":"https:\/\/ajc-info.com\/index.php\/wp-json\/wp\/v2\/users\/1"}],"replies":[{"embeddable":true,"href":"https:\/\/ajc-info.com\/index.php\/wp-json\/wp\/v2\/comments?post=94"}],"version-history":[{"count":6,"href":"https:\/\/ajc-info.com\/index.php\/wp-json\/wp\/v2\/pages\/94\/revisions"}],"predecessor-version":[{"id":118,"href":"https:\/\/ajc-info.com\/index.php\/wp-json\/wp\/v2\/pages\/94\/revisions\/118"}],"wp:attachment":[{"href":"https:\/\/ajc-info.com\/index.php\/wp-json\/wp\/v2\/media?parent=94"}],"curies":[{"name":"wp","href":"https:\/\/api.w.org\/{rel}","templated":true}]}}